{"id":93,"date":"2025-12-02T10:11:38","date_gmt":"2025-12-02T10:11:38","guid":{"rendered":"https:\/\/checkgroup.vn\/?page_id=93"},"modified":"2026-04-27T16:06:28","modified_gmt":"2026-04-27T16:06:28","slug":"ve-chung-toi","status":"publish","type":"page","link":"https:\/\/checkgroup.vn\/?page_id=93","title":{"rendered":"V\u1ec1 ch\u00fang t\u00f4i"},"content":{"rendered":"\n<p><strong>CHECKGROUP VI\u1ec6T NAM<\/strong> l\u00e0 c\u00f4ng ty h\u00e0ng \u0111\u1ea7u trong l\u0129nh v\u1ef1c cung c\u1ea5p d\u1ecbch v\u1ee5 \u0111\u1ea1i l\u00fd v\u00e9 m\u00e1y bay, d\u1ecbch v\u1ee5 h\u00e0ng kh\u00f4ng v\u00e0 d\u1ecbch v\u1ee5 du l\u1ecbch.<\/p>\n\n\n\n<p>\u0110\u01b0\u1ee3c th\u00e0nh l\u1eadp v\u00e0o n\u0103m 2015, <strong>CHECKGROUP VI\u1ec6T NAM<\/strong> k\u1ebf th\u1eeba h\u01a1n 10 n\u0103m kinh nghi\u1ec7m kinh doanh th\u1ef1c ti\u1ec5n, tr\u1ea3i qua qu\u00e1 tr\u00ecnh x\u00e2y d\u1ef1ng v\u00e0 ph\u00e1t tri\u1ec3n, b\u1eb1ng s\u1ef1 n\u1ed7 l\u1ef1c kh\u00f4ng ng\u1eebng ngh\u1ec9 c\u1ee7a t\u1eadp th\u1ec3 l\u00e3nh \u0111\u1ea1o, \u0111\u1ed9i ng\u0169 c\u00e1n b\u1ed9, c\u00f4ng nh\u00e2n vi\u00ean, CheckGroup \u0111\u00e3 v\u00e0 \u0111ang ph\u1ee5c v\u1ee5 cho nhi\u1ec1u kh\u00e1ch h\u00e0ng c\u00e1 nh\u00e2n c\u0169ng nh\u01b0 doanh nghi\u1ec7p tr\u00ean to\u00e0n qu\u1ed1c. Ch\u00fang t\u00f4i lu\u00f4n s\u1eb5n s\u00e0ng cung c\u1ea5p c\u00e1c s\u1ea3n ph\u1ea9m, d\u1ecbch v\u1ee5 v\u1edbi ch\u1ea5t l\u01b0\u1ee3ng t\u1ed1t nh\u1ea5t, \u0111\u1ed3ng th\u1eddi \u1ee9ng d\u1ee5ng c\u00f4ng ngh\u1ec7 s\u1ed1 v\u00e0o vi\u1ec7c h\u1ed7 tr\u1ee3 \u0110\u1ea1i L\u00fd qu\u1ea3n l\u00fd, k\u1ebft n\u1ed1i c\u00e1c \u0110\u1ea1i L\u00fd truy\u1ec1n th\u1ed1ng v\u1edbi kh\u00e1ch h\u00e0ng trong l\u0129nh v\u1ef1c h\u00e0ng kh\u00f4ng.<\/p>\n\n\n\n<p><strong>CHECKGROUP VI\u1ec6T NAM<\/strong> v\u1edbi \u0111\u1ecbnh h\u01b0\u1edbng tr\u1edf th\u00e0nh m\u1ed9t th\u01b0\u01a1ng hi\u1ec7u l\u1edbn nh\u1ea5t trong l\u0129nh v\u1ef1c h\u00e0ng kh\u00f4ng v\u00e0 l\u1eef h\u00e0nh. Ch\u00fang t\u00f4i cam k\u1ebft mang \u0111\u1ebfn s\u1ef1 kh\u00e1c bi\u1ec7t, \u0111a d\u1ea1ng, ti\u1ec7n l\u1ee3i v\u00e0 ch\u1ea5t l\u01b0\u1ee3ng. M\u1ecdi n\u1ed7 l\u1ef1c, chuy\u1ec3n m\u00ecnh c\u1ee7a CheckGroup \u0111\u1ec1u v\u00ec m\u1ed9t m\u1ee5c ti\u00eau: mang l\u1ea1i s\u1ef1 tr\u1ea3i nghi\u1ec7m t\u1ed1t nh\u1ea5t v\u00e0 ti\u1ec7n l\u1ee3i nh\u1ea5t cho t\u1ea5t c\u1ea3 c\u00e1c kh\u00e1ch h\u00e0ng.<\/p>\n\n\n\n<figure class=\"wp-block-image size-large\"><img loading=\"lazy\" decoding=\"async\" width=\"1024\" height=\"598\" src=\"https:\/\/checkgroup.vn\/wp-content\/uploads\/2026\/04\/z7750829210919_259067b8f9ed9ea43808b40efc58947a-1024x598.jpg\" alt=\"\" class=\"wp-image-183\" srcset=\"https:\/\/checkgroup.vn\/wp-content\/uploads\/2026\/04\/z7750829210919_259067b8f9ed9ea43808b40efc58947a-1024x598.jpg 1024w, https:\/\/checkgroup.vn\/wp-content\/uploads\/2026\/04\/z7750829210919_259067b8f9ed9ea43808b40efc58947a-300x175.jpg 300w, https:\/\/checkgroup.vn\/wp-content\/uploads\/2026\/04\/z7750829210919_259067b8f9ed9ea43808b40efc58947a-768x449.jpg 768w, https:\/\/checkgroup.vn\/wp-content\/uploads\/2026\/04\/z7750829210919_259067b8f9ed9ea43808b40efc58947a-1536x898.jpg 1536w, https:\/\/checkgroup.vn\/wp-content\/uploads\/2026\/04\/z7750829210919_259067b8f9ed9ea43808b40efc58947a-2048x1197.jpg 2048w, https:\/\/checkgroup.vn\/wp-content\/uploads\/2026\/04\/z7750829210919_259067b8f9ed9ea43808b40efc58947a-1140x666.jpg 1140w\" sizes=\"auto, (max-width: 1024px) 100vw, 1024px\" \/><\/figure>\n\n\n\n<p><\/p>\n\n\n\n<h2 class=\"wp-block-heading has-text-align-center\"><strong>CH\u00daNG T\u00d4I KH\u00c1C BI\u1ec6T<\/strong><\/h2>\n\n\n\n<h3 class=\"wp-block-heading\">NH\u1eeeNG GI\u00c1 TR\u1eca KH\u00c1C BI\u1ec6T T\u1ea0O N\u00caN T\u1eea C\u00d4NG NGH\u1ec6<\/h3>\n\n\n\n<p>V\u1edbi s\u1ee9 m\u1ec7nh tr\u1edf th\u00e0nh ng\u01b0\u1eddi b\u1ea1n \u0111\u1ed3ng h\u00e0nh c\u1ee7a c\u00e1c \u0110\u1ea1i L\u00fd v\u00e9 m\u00e1y bay truy\u1ec1n th\u1ed1ng, t\u1eadn d\u1ee5ng s\u1ee9c m\u1ea1nh c\u1ee7a c\u00f4ng ngh\u1ec7, CheckGroup m\u1ea1nh d\u1ea1n \u1ee9ng d\u1ee5ng c\u00e1c c\u00f4ng ngh\u1ec7 m\u1edbi nh\u1eb1m m\u1ee5c \u0111\u00edch t\u1ed1i \u01b0u h\u00f3a trong qu\u1ea3n l\u00fd kinh doanh v\u00e0 t\u01b0\u01a1ng t\u00e1c v\u1edbi kh\u00e1ch h\u00e0ng. C\u00e1c n\u1ec1n t\u1ea3ng c\u00f4ng ngh\u1ec7 \u0111\u01b0\u1ee3c t\u00edch h\u1ee3p \u0111a nhi\u1ec7m to\u00e0n b\u1ed9 c\u00e1c quy tr\u00ecnh qu\u1ea3n l\u00fd cho ng\u00e0nh d\u1ecbch v\u1ee5 h\u00e0ng kh\u00f4ng n\u00f3i chung v\u00e0 ngh\u1ec1 v\u00e9 m\u00e1y bay n\u00f3i ri\u00eang ch\u00ednh l\u00e0 gi\u00e1 tr\u1ecb kh\u00e1c bi\u1ec7t v\u00e0 duy nh\u1ea5t tr\u00ean th\u1ecb tr\u01b0\u1eddng hi\u1ec7n nay.<\/p>\n\n\n\n<blockquote class=\"wp-block-quote is-layout-flow wp-block-quote-is-layout-flow\"><div class=\"wp-block-image\">\n<figure class=\"aligncenter size-large\"><img loading=\"lazy\" decoding=\"async\" width=\"1024\" height=\"768\" src=\"https:\/\/checkgroup.vn\/wp-content\/uploads\/2026\/04\/z7749529044517_b1df10ebf22ae094c278067d9bead779-e1776956810202-1024x768.jpg\" alt=\"\" class=\"wp-image-186\" srcset=\"https:\/\/checkgroup.vn\/wp-content\/uploads\/2026\/04\/z7749529044517_b1df10ebf22ae094c278067d9bead779-e1776956810202-1024x768.jpg 1024w, https:\/\/checkgroup.vn\/wp-content\/uploads\/2026\/04\/z7749529044517_b1df10ebf22ae094c278067d9bead779-e1776956810202-300x225.jpg 300w, https:\/\/checkgroup.vn\/wp-content\/uploads\/2026\/04\/z7749529044517_b1df10ebf22ae094c278067d9bead779-e1776956810202-768x576.jpg 768w, https:\/\/checkgroup.vn\/wp-content\/uploads\/2026\/04\/z7749529044517_b1df10ebf22ae094c278067d9bead779-e1776956810202-1536x1152.jpg 1536w, https:\/\/checkgroup.vn\/wp-content\/uploads\/2026\/04\/z7749529044517_b1df10ebf22ae094c278067d9bead779-e1776956810202-1140x855.jpg 1140w, https:\/\/checkgroup.vn\/wp-content\/uploads\/2026\/04\/z7749529044517_b1df10ebf22ae094c278067d9bead779-e1776956810202.jpg 1810w\" sizes=\"auto, (max-width: 1024px) 100vw, 1024px\" \/><\/figure>\n<\/div><\/blockquote>\n\n\n\n<p>Check Group kh\u00f4ng ng\u1eebng n\u1ed7 l\u1ef1c mang \u0111\u1ebfn <strong>d\u1ecbch v\u1ee5 ho\u00e0n h\u1ea3o \u2013 tr\u1ea3i nghi\u1ec7m t\u1eadn t\u00e2m \u2013 ch\u0103m s\u00f3c to\u00e0n di\u1ec7n<\/strong> cho t\u1eebng kh\u00e1ch h\u00e0ng.<\/p>\n\n\n\n<div class=\"wp-block-columns is-layout-flex wp-container-core-columns-is-layout-9d6595d7 wp-block-columns-is-layout-flex\">\n<div class=\"wp-block-column is-layout-flow wp-block-column-is-layout-flow\">\n<figure class=\"wp-block-image size-large\"><img loading=\"lazy\" decoding=\"async\" width=\"1024\" height=\"1024\" src=\"https:\/\/checkgroup.vn\/wp-content\/uploads\/2025\/10\/z7142973918343_b28a50310195a00586bea7c30d3ebadc-1-1024x1024.jpg\" alt=\"\" class=\"wp-image-84\" srcset=\"https:\/\/checkgroup.vn\/wp-content\/uploads\/2025\/10\/z7142973918343_b28a50310195a00586bea7c30d3ebadc-1-1024x1024.jpg 1024w, https:\/\/checkgroup.vn\/wp-content\/uploads\/2025\/10\/z7142973918343_b28a50310195a00586bea7c30d3ebadc-1-300x300.jpg 300w, https:\/\/checkgroup.vn\/wp-content\/uploads\/2025\/10\/z7142973918343_b28a50310195a00586bea7c30d3ebadc-1-150x150.jpg 150w, https:\/\/checkgroup.vn\/wp-content\/uploads\/2025\/10\/z7142973918343_b28a50310195a00586bea7c30d3ebadc-1-768x768.jpg 768w, https:\/\/checkgroup.vn\/wp-content\/uploads\/2025\/10\/z7142973918343_b28a50310195a00586bea7c30d3ebadc-1-1536x1536.jpg 1536w, https:\/\/checkgroup.vn\/wp-content\/uploads\/2025\/10\/z7142973918343_b28a50310195a00586bea7c30d3ebadc-1-2048x2048.jpg 2048w, https:\/\/checkgroup.vn\/wp-content\/uploads\/2025\/10\/z7142973918343_b28a50310195a00586bea7c30d3ebadc-1-1140x1140.jpg 1140w, https:\/\/checkgroup.vn\/wp-content\/uploads\/2025\/10\/z7142973918343_b28a50310195a00586bea7c30d3ebadc-1-75x75.jpg 75w\" sizes=\"auto, (max-width: 1024px) 100vw, 1024px\" \/><\/figure>\n<\/div>\n\n\n\n<div class=\"wp-block-column is-layout-flow wp-block-column-is-layout-flow\">\n<h3 class=\"wp-block-heading\">\u2708\ufe0f PH\u1ee4C V\u1ee4 KH\u00c1CH H\u00c0NG<\/h3>\n\n\n\n<p>\u0110\u1ed9i ng\u0169 t\u01b0 v\u1ea5n vi\u00ean chuy\u00ean nghi\u1ec7p, t\u1eadn t\u00e2m, s\u1eb5n s\u00e0ng h\u1ed7 tr\u1ee3 kh\u00e1ch h\u00e0ng <strong>tr\u01b0\u1edbc \u2013 trong \u2013 sau chuy\u1ebfn \u0111i<\/strong>. Ch\u00fang t\u00f4i hi\u1ec3u r\u1eb1ng, m\u1ed7i h\u00e0nh tr\u00ecnh \u0111\u1ec1u l\u00e0 m\u1ed9t c\u00e2u chuy\u1ec7n ri\u00eang, v\u00e0 nhi\u1ec7m v\u1ee5 c\u1ee7a Check Group l\u00e0 gi\u00fap c\u00e2u chuy\u1ec7n \u1ea5y tr\u1edf n\u00ean tr\u1ecdn v\u1eb9n nh\u1ea5t.<\/p>\n\n\n\n<h3 class=\"wp-block-heading\">\ud83d\udcac CH\u0102M S\u00d3C KH\u00c1CH H\u00c0NG<\/h3>\n\n\n\n<p>Trung t\u00e2m ch\u0103m s\u00f3c kh\u00e1ch h\u00e0ng ho\u1ea1t \u0111\u1ed9ng <strong>24\/7<\/strong>, lu\u00f4n l\u1eafng nghe, ti\u1ebfp nh\u1eadn v\u00e0 gi\u1ea3i quy\u1ebft m\u1ecdi th\u1eafc m\u1eafc c\u1ee7a qu\u00fd kh\u00e1ch nhanh ch\u00f3ng v\u00e0 hi\u1ec7u qu\u1ea3. Ch\u00fang t\u00f4i kh\u00f4ng ch\u1ec9 mang \u0111\u1ebfn d\u1ecbch v\u1ee5, m\u00e0 c\u00f2n mang \u0111\u1ebfn <strong>s\u1ef1 an t\u00e2m<\/strong> trong t\u1eebng tr\u1ea3i nghi\u1ec7m.<\/p>\n\n\n\n<h3 class=\"wp-block-heading\">\ud83e\udd1d QUAN T\u00c2M KH\u00c1CH H\u00c0NG<\/h3>\n\n\n\n<p>Check Group coi kh\u00e1ch h\u00e0ng nh\u01b0 ng\u01b0\u1eddi b\u1ea1n \u0111\u1ed3ng h\u00e0nh. M\u1ed7i ph\u1ea3n h\u1ed3i, m\u1ed7i l\u1eddi g\u00f3p \u00fd \u0111\u1ec1u l\u00e0 \u0111\u1ed9ng l\u1ef1c \u0111\u1ec3 ch\u00fang t\u00f4i <strong>n\u00e2ng cao ch\u1ea5t l\u01b0\u1ee3ng d\u1ecbch v\u1ee5<\/strong>, mang l\u1ea1i gi\u00e1 tr\u1ecb t\u1ed1t h\u01a1n m\u1ed7i ng\u00e0y.<\/p>\n<\/div>\n<\/div>\n\n\n\n<p><strong>Ph\u1ee5c v\u1ee5 kh\u00e1ch h\u00e0ng \u2013 Ch\u0103m s\u00f3c kh\u00e1ch h\u00e0ng \u2013 Quan t\u00e2m kh\u00e1ch h\u00e0ng.<\/strong><br>\u0110\u00f3 kh\u00f4ng ch\u1ec9 l\u00e0 tr\u00e1ch nhi\u1ec7m, m\u00e0 c\u00f2n l\u00e0 <strong>cam k\u1ebft v\u00e0 ni\u1ec1m t\u1ef1 h\u00e0o<\/strong> c\u1ee7a to\u00e0n th\u1ec3 Check Group trong h\u00e0nh tr\u00ecnh mang \u0111\u1ebfn s\u1ef1 h\u00e0i l\u00f2ng v\u00e0 tin c\u1eady tuy\u1ec7t \u0111\u1ed1i.<\/p>\n\n\n\n<p>Th\u00e2m ni\u00ean trong ng\u00e0nh h\u00e0ng kh\u00f4ng ngay t\u1eeb khi c\u00f2n tr\u1ebb c\u1ed9ng v\u1edbi ni\u1ec1m \u0111am m\u00ea c\u00f4ng ngh\u1ec7 t\u1eeb nh\u1eefng n\u0103m \u0111\u1ea7u ti\u00ean \u0111i v\u00e0o con \u0111\u01b0\u1eddng ngh\u1ec1 du l\u1ecbch v\u00e0 v\u00e9 m\u00e1y bay. C\u00e1c th\u00e0nh vi\u00ean c\u1ee7a H\u1ed9i \u0110\u1ed3ng Qu\u1ea3n Tr\u1ecb \u0111\u00e3 \u1ee9ng d\u1ee5ng n\u1ec1n t\u1ea3ng ki\u1ebfn th\u1ee9c c\u00f3 s\u1eb5n, t\u00edch lu\u1ef9 theo n\u0103m th\u00e1ng c\u00f3 \u0111\u01b0\u1ee3c v\u00e0o h\u1ebft cho CheckGroup, \u0111i theo m\u00f4 h\u00ecnh hi\u1ec7n \u0111\u1ea1i, lu\u00f4n lu\u00f4n \u0111\u1ed5i m\u1edbi, gia t\u0103ng ti\u1ec7n \u00edch s\u1ea3n ph\u1ea9m cho kh\u00e1ch h\u00e0ng l\u00e0 ph\u01b0\u01a1ng ch\u00e2m kinh doanh. Ngo\u00e0i ra, ch\u00fang t\u00f4i c\u00f2n l\u00e0 m\u1ed9t t\u1eadp th\u1ec3 g\u1eafn k\u1ebft c\u00f9ng nhau h\u01a1n m\u1ed9t th\u1eadp k\u1ef7 t\u00ednh \u0111\u1ebfn th\u1eddi \u0111i\u1ec3m 2026. Th\u1ea5u hi\u1ec3u, chia s\u1ebd v\u00e0 ph\u00e1t huy th\u1ebf m\u1ea1nh c\u1ee7a t\u1eebng ng\u01b0\u1eddi l\u00e0 m\u1ed9t l\u1ee3i th\u1ebf c\u1ef1c k\u1ef3 to l\u1edbn \u0111\u1ec3 ch\u00fang t\u00f4i ng\u00e0y m\u1ed9t \u0111\u01b0a CheckGroup bay cao, bay xa h\u01a1n n\u1eefa.<\/p>\n\n\n\n<figure class=\"wp-block-image size-large\"><img loading=\"lazy\" decoding=\"async\" width=\"1024\" height=\"640\" src=\"https:\/\/checkgroup.vn\/wp-content\/uploads\/2025\/12\/z7270175683607_756b1e863534d0a816253b7de1975a80-1024x640.jpg\" alt=\"\" class=\"wp-image-111\" srcset=\"https:\/\/checkgroup.vn\/wp-content\/uploads\/2025\/12\/z7270175683607_756b1e863534d0a816253b7de1975a80-1024x640.jpg 1024w, https:\/\/checkgroup.vn\/wp-content\/uploads\/2025\/12\/z7270175683607_756b1e863534d0a816253b7de1975a80-300x188.jpg 300w, https:\/\/checkgroup.vn\/wp-content\/uploads\/2025\/12\/z7270175683607_756b1e863534d0a816253b7de1975a80-768x480.jpg 768w, https:\/\/checkgroup.vn\/wp-content\/uploads\/2025\/12\/z7270175683607_756b1e863534d0a816253b7de1975a80-1536x960.jpg 1536w, https:\/\/checkgroup.vn\/wp-content\/uploads\/2025\/12\/z7270175683607_756b1e863534d0a816253b7de1975a80-2048x1280.jpg 2048w, https:\/\/checkgroup.vn\/wp-content\/uploads\/2025\/12\/z7270175683607_756b1e863534d0a816253b7de1975a80-1140x713.jpg 1140w\" sizes=\"auto, (max-width: 1024px) 100vw, 1024px\" \/><\/figure>\n\n\n\n<p><\/p>\n\n\n\n<div class=\"wp-block-columns is-layout-flex wp-container-core-columns-is-layout-9d6595d7 wp-block-columns-is-layout-flex\">\n<div class=\"wp-block-column is-layout-flow wp-block-column-is-layout-flow\">\n<figure class=\"wp-block-image size-large\"><img loading=\"lazy\" decoding=\"async\" width=\"1024\" height=\"640\" src=\"https:\/\/checkgroup.vn\/wp-content\/uploads\/2025\/12\/z7270175662876_1eee76c73c63b5d3619fa9a6897064e2-1024x640.jpg\" alt=\"\" class=\"wp-image-113\" srcset=\"https:\/\/checkgroup.vn\/wp-content\/uploads\/2025\/12\/z7270175662876_1eee76c73c63b5d3619fa9a6897064e2-1024x640.jpg 1024w, https:\/\/checkgroup.vn\/wp-content\/uploads\/2025\/12\/z7270175662876_1eee76c73c63b5d3619fa9a6897064e2-300x188.jpg 300w, https:\/\/checkgroup.vn\/wp-content\/uploads\/2025\/12\/z7270175662876_1eee76c73c63b5d3619fa9a6897064e2-768x480.jpg 768w, https:\/\/checkgroup.vn\/wp-content\/uploads\/2025\/12\/z7270175662876_1eee76c73c63b5d3619fa9a6897064e2-1536x960.jpg 1536w, https:\/\/checkgroup.vn\/wp-content\/uploads\/2025\/12\/z7270175662876_1eee76c73c63b5d3619fa9a6897064e2-2048x1280.jpg 2048w, https:\/\/checkgroup.vn\/wp-content\/uploads\/2025\/12\/z7270175662876_1eee76c73c63b5d3619fa9a6897064e2-1140x713.jpg 1140w\" sizes=\"auto, (max-width: 1024px) 100vw, 1024px\" \/><\/figure>\n<\/div>\n\n\n\n<div class=\"wp-block-column is-layout-flow wp-block-column-is-layout-flow\">\n<p>Th\u1ea5u hi\u1ec3u r\u1eb1ng: Ngu\u1ed3n nh\u00e2n l\u1ef1c l\u00e0 t\u00e0i nguy\u00ean qu\u00fd gi\u00e1 v\u00e0 l\u00e0 y\u1ebfu t\u1ed1 quy\u1ebft \u0111\u1ecbnh \u0111\u1ed1i v\u1edbi s\u1ef1 ph\u00e1t tri\u1ec3n c\u1ee7a doanh nghi\u1ec7p, CheckGroup h\u01b0\u1edbng \u0111\u1ebfn x\u00e2y d\u1ef1ng m\u00f4i tr\u01b0\u1eddng l\u00e0m vi\u1ec7c l\u00e0nh m\u1ea1nh, t\u00edch c\u1ef1c v\u00e0 s\u1eb5n s\u00e0ng t\u1ea1o \u0111i\u1ec1u ki\u1ec7n \u0111\u1ec3 nu\u00f4i d\u01b0\u1ee1ng nh\u1eefng \u00fd t\u01b0\u1edfng kh\u00e1c bi\u1ec7t.<\/p>\n\n\n\n<p><strong>S\u1eb5n s\u00e0ng thay \u0111\u1ed5i, ki\u00ean tr\u00ec b\u1ee9c ph\u00e1 v\u00e0 \u0111\u1ed3ng h\u00e0nh v\u01b0\u1ee3t qua th\u1eed th\u00e1ch<\/strong> l\u00e0 nh\u1eefng t\u1ed1 ch\u1ea5t kh\u00f4ng th\u1ec3 thi\u1ebfu \u1edf t\u1eebng nh\u00e2n s\u1ef1 c\u1ee7a CheckGroup \u0111\u1ec3 h\u01b0\u1edbng \u0111\u1ebfn s\u1ef1 ph\u00e1t tri\u1ec3n b\u1ec1n v\u1eefng c\u1ee7a t\u1eebng c\u00e1 nh\u00e2n v\u00e0 t\u1ed5ng th\u1ec3 doanh nghi\u1ec7p.<\/p>\n<\/div>\n<\/div>\n\n\n\n<div class=\"wp-block-columns is-layout-flex wp-container-core-columns-is-layout-9d6595d7 wp-block-columns-is-layout-flex\">\n<div class=\"wp-block-column is-layout-flow wp-block-column-is-layout-flow\">\n<p>\u0110\u1ed3ng th\u1eddi,&nbsp;Ch\u00fang t\u00f4i h\u01b0\u1edbng \u0111\u1ebfn x\u00e2y d\u1ef1ng m\u00f4 h\u00ecnh doanh nghi\u1ec7p tinh g\u1ecdn v\u1edbi \u0111\u1ed9i ng\u0169 Ban qu\u1ea3n tr\u1ecb gi\u00e0u kinh nghi\u1ec7m \u0111\u1ec3 \u0111\u1ea3m b\u1ea3o hi\u1ec7u qu\u1ea3 v\u1eadn h\u00e0nh cao nh\u1ea5t.\u200b<br>T\u1ea1i <strong>Check Group<\/strong>, ch\u00fang t\u00f4i tin r\u1eb1ng m\u1ed7i h\u00e0nh tr\u00ecnh ch\u1ec9 th\u1eadt s\u1ef1 tr\u1ecdn v\u1eb9n khi kh\u00e1ch h\u00e0ng c\u1ea3m nh\u1eadn \u0111\u01b0\u1ee3c <strong>s\u1ef1 quan t\u00e2m v\u00e0 \u0111\u1ed3ng h\u00e0nh ch\u00e2n th\u00e0nh<\/strong>.<\/p>\n<\/div>\n\n\n\n<div class=\"wp-block-column is-layout-flow wp-block-column-is-layout-flow\">\n<p><\/p>\n\n\n\n<figure class=\"wp-block-image size-large\"><img loading=\"lazy\" decoding=\"async\" width=\"1024\" height=\"640\" src=\"https:\/\/checkgroup.vn\/wp-content\/uploads\/2025\/12\/z7270175683617_fb639ca6e25eea48d1bc558bbc7e4b71-1024x640.jpg\" alt=\"\" class=\"wp-image-112\" srcset=\"https:\/\/checkgroup.vn\/wp-content\/uploads\/2025\/12\/z7270175683617_fb639ca6e25eea48d1bc558bbc7e4b71-1024x640.jpg 1024w, https:\/\/checkgroup.vn\/wp-content\/uploads\/2025\/12\/z7270175683617_fb639ca6e25eea48d1bc558bbc7e4b71-300x188.jpg 300w, https:\/\/checkgroup.vn\/wp-content\/uploads\/2025\/12\/z7270175683617_fb639ca6e25eea48d1bc558bbc7e4b71-768x480.jpg 768w, https:\/\/checkgroup.vn\/wp-content\/uploads\/2025\/12\/z7270175683617_fb639ca6e25eea48d1bc558bbc7e4b71-1536x960.jpg 1536w, https:\/\/checkgroup.vn\/wp-content\/uploads\/2025\/12\/z7270175683617_fb639ca6e25eea48d1bc558bbc7e4b71-2048x1280.jpg 2048w, https:\/\/checkgroup.vn\/wp-content\/uploads\/2025\/12\/z7270175683617_fb639ca6e25eea48d1bc558bbc7e4b71-1140x713.jpg 1140w\" sizes=\"auto, (max-width: 1024px) 100vw, 1024px\" \/><\/figure>\n<\/div>\n<\/div>\n\n\n<div class=\"wp-block-image\">\n<figure class=\"aligncenter size-large\"><img loading=\"lazy\" decoding=\"async\" width=\"777\" height=\"1024\" src=\"https:\/\/checkgroup.vn\/wp-content\/uploads\/2026\/04\/z7749529770661_3c3fd745f103a562510efa79db71c0a5-e1776956466522-777x1024.jpg\" alt=\"\" class=\"wp-image-184\" srcset=\"https:\/\/checkgroup.vn\/wp-content\/uploads\/2026\/04\/z7749529770661_3c3fd745f103a562510efa79db71c0a5-e1776956466522-777x1024.jpg 777w, https:\/\/checkgroup.vn\/wp-content\/uploads\/2026\/04\/z7749529770661_3c3fd745f103a562510efa79db71c0a5-e1776956466522-228x300.jpg 228w, https:\/\/checkgroup.vn\/wp-content\/uploads\/2026\/04\/z7749529770661_3c3fd745f103a562510efa79db71c0a5-e1776956466522-768x1012.jpg 768w, https:\/\/checkgroup.vn\/wp-content\/uploads\/2026\/04\/z7749529770661_3c3fd745f103a562510efa79db71c0a5-e1776956466522-1166x1536.jpg 1166w, https:\/\/checkgroup.vn\/wp-content\/uploads\/2026\/04\/z7749529770661_3c3fd745f103a562510efa79db71c0a5-e1776956466522-1554x2048.jpg 1554w, https:\/\/checkgroup.vn\/wp-content\/uploads\/2026\/04\/z7749529770661_3c3fd745f103a562510efa79db71c0a5-e1776956466522-1140x1502.jpg 1140w, https:\/\/checkgroup.vn\/wp-content\/uploads\/2026\/04\/z7749529770661_3c3fd745f103a562510efa79db71c0a5-e1776956466522.jpg 1810w\" sizes=\"auto, (max-width: 777px) 100vw, 777px\" \/><\/figure>\n<\/div>\n\n<div class=\"wp-block-image\">\n<figure class=\"aligncenter size-large\"><img loading=\"lazy\" decoding=\"async\" width=\"781\" height=\"1024\" src=\"https:\/\/checkgroup.vn\/wp-content\/uploads\/2026\/04\/z7749530439111_d082e59aaa37f0e7ba131da6e2a5e201-e1776957061340-781x1024.jpg\" alt=\"\" class=\"wp-image-188\" srcset=\"https:\/\/checkgroup.vn\/wp-content\/uploads\/2026\/04\/z7749530439111_d082e59aaa37f0e7ba131da6e2a5e201-e1776957061340-781x1024.jpg 781w, https:\/\/checkgroup.vn\/wp-content\/uploads\/2026\/04\/z7749530439111_d082e59aaa37f0e7ba131da6e2a5e201-e1776957061340-229x300.jpg 229w, https:\/\/checkgroup.vn\/wp-content\/uploads\/2026\/04\/z7749530439111_d082e59aaa37f0e7ba131da6e2a5e201-e1776957061340-768x1008.jpg 768w, https:\/\/checkgroup.vn\/wp-content\/uploads\/2026\/04\/z7749530439111_d082e59aaa37f0e7ba131da6e2a5e201-e1776957061340-1171x1536.jpg 1171w, https:\/\/checkgroup.vn\/wp-content\/uploads\/2026\/04\/z7749530439111_d082e59aaa37f0e7ba131da6e2a5e201-e1776957061340-1561x2048.jpg 1561w, https:\/\/checkgroup.vn\/wp-content\/uploads\/2026\/04\/z7749530439111_d082e59aaa37f0e7ba131da6e2a5e201-e1776957061340-1140x1496.jpg 1140w, https:\/\/checkgroup.vn\/wp-content\/uploads\/2026\/04\/z7749530439111_d082e59aaa37f0e7ba131da6e2a5e201-e1776957061340.jpg 1805w\" sizes=\"auto, (max-width: 781px) 100vw, 781px\" \/><\/figure>\n<\/div>\n\n\n<figure class=\"wp-block-image size-large\"><img loading=\"lazy\" decoding=\"async\" width=\"988\" height=\"1024\" src=\"https:\/\/checkgroup.vn\/wp-content\/uploads\/2026\/04\/z7749530619998_14a4bc5ede7d8941d25de8a6895cc6b9-e1776957124635-988x1024.jpg\" alt=\"\" class=\"wp-image-189\" srcset=\"https:\/\/checkgroup.vn\/wp-content\/uploads\/2026\/04\/z7749530619998_14a4bc5ede7d8941d25de8a6895cc6b9-e1776957124635-988x1024.jpg 988w, https:\/\/checkgroup.vn\/wp-content\/uploads\/2026\/04\/z7749530619998_14a4bc5ede7d8941d25de8a6895cc6b9-e1776957124635-290x300.jpg 290w, https:\/\/checkgroup.vn\/wp-content\/uploads\/2026\/04\/z7749530619998_14a4bc5ede7d8941d25de8a6895cc6b9-e1776957124635-768x796.jpg 768w, https:\/\/checkgroup.vn\/wp-content\/uploads\/2026\/04\/z7749530619998_14a4bc5ede7d8941d25de8a6895cc6b9-e1776957124635-1483x1536.jpg 1483w, https:\/\/checkgroup.vn\/wp-content\/uploads\/2026\/04\/z7749530619998_14a4bc5ede7d8941d25de8a6895cc6b9-e1776957124635-1140x1181.jpg 1140w, https:\/\/checkgroup.vn\/wp-content\/uploads\/2026\/04\/z7749530619998_14a4bc5ede7d8941d25de8a6895cc6b9-e1776957124635.jpg 1805w\" sizes=\"auto, (max-width: 988px) 100vw, 988px\" \/><\/figure>\n","protected":false},"excerpt":{"rendered":"<p>CHECKGROUP VI\u1ec6T NAM l\u00e0 c\u00f4ng ty h\u00e0ng \u0111\u1ea7u trong l\u0129nh v\u1ef1c cung c\u1ea5p d\u1ecbch v\u1ee5 \u0111\u1ea1i l\u00fd v\u00e9 m\u00e1y bay, d\u1ecbch v\u1ee5 h\u00e0ng kh\u00f4ng v\u00e0 d\u1ecbch v\u1ee5 du l\u1ecbch. \u0110\u01b0\u1ee3c th\u00e0nh l\u1eadp v\u00e0o n\u0103m 2015, CHECKGROUP VI\u1ec6T NAM k\u1ebf th\u1eeba h\u01a1n 10 n\u0103m kinh nghi\u1ec7m kinh doanh th\u1ef1c ti\u1ec5n, tr\u1ea3i qua qu\u00e1 tr\u00ecnh x\u00e2y d\u1ef1ng [&hellip;]<\/p>\n","protected":false},"author":1,"featured_media":0,"parent":0,"menu_order":0,"comment_status":"closed","ping_status":"closed","template":"","meta":{"footnotes":""},"class_list":["post-93","page","type-page","status-publish","hentry"],"_links":{"self":[{"href":"https:\/\/checkgroup.vn\/index.php?rest_route=\/wp\/v2\/pages\/93","targetHints":{"allow":["GET"]}}],"collection":[{"href":"https:\/\/checkgroup.vn\/index.php?rest_route=\/wp\/v2\/pages"}],"about":[{"href":"https:\/\/checkgroup.vn\/index.php?rest_route=\/wp\/v2\/types\/page"}],"author":[{"embeddable":true,"href":"https:\/\/checkgroup.vn\/index.php?rest_route=\/wp\/v2\/users\/1"}],"replies":[{"embeddable":true,"href":"https:\/\/checkgroup.vn\/index.php?rest_route=%2Fwp%2Fv2%2Fcomments&post=93"}],"version-history":[{"count":16,"href":"https:\/\/checkgroup.vn\/index.php?rest_route=\/wp\/v2\/pages\/93\/revisions"}],"predecessor-version":[{"id":212,"href":"https:\/\/checkgroup.vn\/index.php?rest_route=\/wp\/v2\/pages\/93\/revisions\/212"}],"wp:attachment":[{"href":"https:\/\/checkgroup.vn\/index.php?rest_route=%2Fwp%2Fv2%2Fmedia&parent=93"}],"curies":[{"name":"wp","href":"https:\/\/api.w.org\/{rel}","templated":true}]}}