{"id":41,"date":"2025-10-22T03:56:45","date_gmt":"2025-10-22T03:56:45","guid":{"rendered":"https:\/\/checkgroup.vn\/?page_id=41"},"modified":"2026-04-27T15:50:08","modified_gmt":"2026-04-27T15:50:08","slug":"lien-he","status":"publish","type":"page","link":"https:\/\/checkgroup.vn\/?page_id=41","title":{"rendered":"Li\u00ean h\u1ec7 h\u1ee3p t\u00e1c"},"content":{"rendered":"\n<div class=\"wp-block-columns is-layout-flex wp-container-core-columns-is-layout-9d6595d7 wp-block-columns-is-layout-flex\">\n<div class=\"wp-block-column is-layout-flow wp-block-column-is-layout-flow\">\n<figure class=\"wp-block-image size-large\"><img loading=\"lazy\" decoding=\"async\" width=\"1024\" height=\"248\" src=\"https:\/\/checkgroup.vn\/wp-content\/uploads\/2025\/10\/Untitled-design-1024x248.png\" alt=\"\" class=\"wp-image-90\" srcset=\"https:\/\/checkgroup.vn\/wp-content\/uploads\/2025\/10\/Untitled-design-1024x248.png 1024w, https:\/\/checkgroup.vn\/wp-content\/uploads\/2025\/10\/Untitled-design-300x73.png 300w, https:\/\/checkgroup.vn\/wp-content\/uploads\/2025\/10\/Untitled-design-768x186.png 768w, https:\/\/checkgroup.vn\/wp-content\/uploads\/2025\/10\/Untitled-design-1536x372.png 1536w, https:\/\/checkgroup.vn\/wp-content\/uploads\/2025\/10\/Untitled-design-1140x276.png 1140w, https:\/\/checkgroup.vn\/wp-content\/uploads\/2025\/10\/Untitled-design.png 1925w\" sizes=\"auto, (max-width: 1024px) 100vw, 1024px\" \/><\/figure>\n<\/div>\n<\/div>\n\n\n\n<h2 class=\"wp-block-heading\">C\u01a1 h\u1ed9i ph\u00e1t tri\u1ec3n \u2013 \u0110\u1ed3ng h\u00e0nh b\u1ec1n v\u1eefng \u2013 Gia t\u0103ng thu nh\u1eadp<\/h2>\n\n\n\n<p>CheckGroup lu\u00f4n ch\u00e0o \u0111\u00f3n c\u00e1c c\u00e1 nh\u00e2n, doanh nghi\u1ec7p v\u00e0 \u0111\u1ed1i t\u00e1c trong &amp; ngo\u00e0i n\u01b0\u1edbc c\u00f9ng tham gia v\u00e0o h\u1ec7 sinh th\u00e1i du l\u1ecbch &amp; h\u00e0ng kh\u00f4ng to\u00e0n di\u1ec7n.<\/p>\n\n\n\n<p>D\u00f9 b\u1ea1n \u0111ang:<\/p>\n\n\n\n<ul class=\"wp-block-list\">\n<li>Mu\u1ed1n <strong>kh\u1edfi nghi\u1ec7p kinh doanh v\u00e9 m\u00e1y bay<\/strong><\/li>\n\n\n\n<li>M\u1edf r\u1ed9ng th\u00eam d\u1ecbch v\u1ee5 du l\u1ecbch cho doanh nghi\u1ec7p<\/li>\n\n\n\n<li>T\u00ecm ki\u1ebfm ngu\u1ed3n cung uy t\u00edn, gi\u00e1 t\u1ed1t<\/li>\n\n\n\n<li>Hay c\u1ea7n m\u1ed9t \u0111\u1ed1i t\u00e1c v\u1eadn h\u00e0nh chuy\u00ean nghi\u1ec7p<\/li>\n<\/ul>\n\n\n\n<p><strong>CheckGroup \u0111\u1ec1u c\u00f3 gi\u1ea3i ph\u00e1p ph\u00f9 h\u1ee3p d\u00e0nh cho b\u1ea1n<\/strong><\/p>\n\n\n\n<p>CheckGroup lu\u00f4n s\u1eb5n s\u00e0ng h\u1ed7 tr\u1ee3 Qu\u00fd \u0110\u1ed1i t\u00e1c\/ Qu\u00fd \u0110\u1ea1i l\u00fd\/ Qu\u00fd Kh\u00e1ch h\u00e0ng trong m\u1ecdi nhu c\u1ea7u v\u1ec1 <strong>\u0111\u1eb7t v\u00e9 m\u00e1y bay, h\u1ee3p t\u00e1c kinh doanh, v\u00e0 c\u00e1c d\u1ecbch v\u1ee5 du l\u1ecbch<\/strong>. <\/p>\n\n\n\n<h2 class=\"wp-block-heading\">QUY\u1ec0N L\u1ee2I KHI H\u1ee2P T\u00c1C<\/h2>\n\n\n\n<p>Khi tr\u1edf th\u00e0nh \u0111\u1ed1i t\u00e1c c\u1ee7a CheckGroup, b\u1ea1n s\u1ebd nh\u1eadn \u0111\u01b0\u1ee3c:<\/p>\n\n\n\n<p>\u2714\ufe0f <strong>Website b\u00e1n v\u00e9 ri\u00eang (full ch\u1ee9c n\u0103ng)<\/strong><br>\u2714\ufe0f <strong>H\u1ed7 tr\u1ee3 k\u1ef9 thu\u1eadt &amp; v\u1eadn h\u00e0nh tr\u1ecdn \u0111\u1eddi<\/strong><br>\u2714\ufe0f <strong>Ngu\u1ed3n v\u00e9 gi\u00e1 g\u1ed1c \u2013 l\u1ee3i nhu\u1eadn cao<\/strong><br>\u2714\ufe0f <strong>\u0110\u00e0o t\u1ea1o b\u00e0i b\u1ea3n t\u1eeb \u0111\u1ed9i ng\u0169 chuy\u00ean m\u00f4n<\/strong><br>\u2714\ufe0f <strong>H\u1ed7 tr\u1ee3 24\/7 theo gi\u1edd qu\u1ed1c t\u1ebf<\/strong><br>\u2714\ufe0f <strong>H\u1ec7 sinh th\u00e1i d\u1ecbch v\u1ee5 \u0111a d\u1ea1ng \u0111\u1ec3 m\u1edf r\u1ed9ng kinh doanh<\/strong><\/p>\n\n\n\n<h2 class=\"wp-block-heading\">\u0110\u0102NG K\u00dd \u0110\u1ea0I L\u00dd<\/h2>\n\n\n\n<div class=\"wp-block-columns is-layout-flex wp-container-core-columns-is-layout-9d6595d7 wp-block-columns-is-layout-flex\">\n<div class=\"wp-block-column is-layout-flow wp-block-column-is-layout-flow\">\n<p><strong>Quy Tr\u00ecnh \u0110\u0103ng K\u00fd \u0110\u01a1n Gi\u1ea3n \u2013 Ch\u1ec9 3 B\u01b0\u1edbc<\/strong><\/p>\n\n\n\n<p><strong>B\u01b0\u1edbc 1: Cung c\u1ea5p th\u00f4ng tin<\/strong><br>B\u1ea1n ch\u1ec9 c\u1ea7n g\u1eedi c\u00e1c th\u00f4ng tin c\u01a1 b\u1ea3n qua email info@checkgroup.vn bao g\u1ed3m:<\/p>\n\n\n\n<ul class=\"wp-block-list\">\n<li>H\u1ecd v\u00e0 t\u00ean \u0111\u1ea1i di\u1ec7n<\/li>\n\n\n\n<li>S\u1ed1 \u0111i\u1ec7n tho\u1ea1i<\/li>\n\n\n\n<li>Email<\/li>\n\n\n\n<li>\u0110\u1ecba ch\u1ec9<\/li>\n\n\n\n<li>\u1ea2nh passport (\u0111\u1ec3 \u0111\u1ed1i chi\u1ebfu)<\/li>\n<\/ul>\n\n\n\n<h3 class=\"wp-block-heading\"><strong>B\u01b0\u1edbc 2: X\u00e1c nh\u1eadn \u0111\u0103ng k\u00fd<\/strong><\/h3>\n\n\n\n<ul class=\"wp-block-list\">\n<li>CheckGroup s\u1ebd g\u1eedi h\u1ee3p \u0111\u1ed3ng \u0111\u0103ng k\u00fd \u0111\u1ea1i l\u00fd qua email<\/li>\n\n\n\n<li>B\u1ea1n ch\u1ec9 c\u1ea7n <strong>reply x\u00e1c nh\u1eadn \u0111\u1ed3ng \u00fd<\/strong><\/li>\n\n\n\n<li>H\u1ec7 th\u1ed1ng s\u1ebd x\u1eed l\u00fd ngay khi nh\u1eadn \u0111\u1ee7 th\u00f4ng tin<\/li>\n<\/ul>\n\n\n\n<h3 class=\"wp-block-heading\"><strong>B\u01b0\u1edbc 3: Nh\u1eadn t\u00e0i kho\u1ea3n<\/strong><\/h3>\n\n\n\n<ul class=\"wp-block-list\">\n<li>B\u1ea1n s\u1ebd \u0111\u01b0\u1ee3c c\u1ea5p <strong>User &amp; M\u1eadt kh\u1ea9u<\/strong><\/li>\n\n\n\n<li>Truy c\u1eadp h\u1ec7 th\u1ed1ng \u0111\u1ec3 b\u1eaft \u0111\u1ea7u <strong>book v\u00e9 ngay l\u1eadp t\u1ee9c<\/strong><\/li>\n<\/ul>\n<\/div>\n\n\n\n<div class=\"wp-block-column is-layout-flow wp-block-column-is-layout-flow\">\n<figure class=\"wp-block-image size-large\"><img loading=\"lazy\" decoding=\"async\" width=\"777\" height=\"1024\" src=\"https:\/\/checkgroup.vn\/wp-content\/uploads\/2026\/04\/z7746512517003_78dad2262fccdce3052a0e76a5d5e0b0-1-777x1024.jpg\" alt=\"\" class=\"wp-image-198\" srcset=\"https:\/\/checkgroup.vn\/wp-content\/uploads\/2026\/04\/z7746512517003_78dad2262fccdce3052a0e76a5d5e0b0-1-777x1024.jpg 777w, https:\/\/checkgroup.vn\/wp-content\/uploads\/2026\/04\/z7746512517003_78dad2262fccdce3052a0e76a5d5e0b0-1-228x300.jpg 228w, https:\/\/checkgroup.vn\/wp-content\/uploads\/2026\/04\/z7746512517003_78dad2262fccdce3052a0e76a5d5e0b0-1-768x1012.jpg 768w, https:\/\/checkgroup.vn\/wp-content\/uploads\/2026\/04\/z7746512517003_78dad2262fccdce3052a0e76a5d5e0b0-1-1165x1536.jpg 1165w, https:\/\/checkgroup.vn\/wp-content\/uploads\/2026\/04\/z7746512517003_78dad2262fccdce3052a0e76a5d5e0b0-1-1554x2048.jpg 1554w, https:\/\/checkgroup.vn\/wp-content\/uploads\/2026\/04\/z7746512517003_78dad2262fccdce3052a0e76a5d5e0b0-1-1140x1503.jpg 1140w, https:\/\/checkgroup.vn\/wp-content\/uploads\/2026\/04\/z7746512517003_78dad2262fccdce3052a0e76a5d5e0b0-1.jpg 1942w\" sizes=\"auto, (max-width: 777px) 100vw, 777px\" \/><\/figure>\n<\/div>\n<\/div>\n\n\n\n<p>To\u00e0n b\u1ed9 quy tr\u00ecnh \u0111\u0103ng k\u00fd \u0111\u01b0\u1ee3c t\u1ed1i \u01b0u nhanh ch\u00f3ng, gi\u00fap b\u1ea1n <strong>tr\u1edf th\u00e0nh \u0111\u1ea1i l\u00fd ch\u1ec9 trong v\u00f2ng 24 gi\u1edd<\/strong>.<br>Kh\u00f4ng r\u01b0\u1eddm r\u00e0, kh\u00f4ng ch\u1edd \u0111\u1ee3i \u2013 b\u1eaft \u0111\u1ea7u ki\u1ebfm thu nh\u1eadp ngay khi c\u00f3 t\u00e0i kho\u1ea3n.<\/p>\n\n\n\n<div class=\"wp-block-columns is-layout-flex wp-container-core-columns-is-layout-9d6595d7 wp-block-columns-is-layout-flex\">\n<div class=\"wp-block-column is-layout-flow wp-block-column-is-layout-flow\">\n<figure class=\"wp-block-image size-large\"><img loading=\"lazy\" decoding=\"async\" width=\"711\" height=\"1024\" src=\"https:\/\/checkgroup.vn\/wp-content\/uploads\/2026\/04\/z7707266330626_f473153434be55ac4dab867332cb299a-1-711x1024.jpg\" alt=\"\" class=\"wp-image-159\" srcset=\"https:\/\/checkgroup.vn\/wp-content\/uploads\/2026\/04\/z7707266330626_f473153434be55ac4dab867332cb299a-1-711x1024.jpg 711w, https:\/\/checkgroup.vn\/wp-content\/uploads\/2026\/04\/z7707266330626_f473153434be55ac4dab867332cb299a-1-208x300.jpg 208w, https:\/\/checkgroup.vn\/wp-content\/uploads\/2026\/04\/z7707266330626_f473153434be55ac4dab867332cb299a-1-768x1106.jpg 768w, https:\/\/checkgroup.vn\/wp-content\/uploads\/2026\/04\/z7707266330626_f473153434be55ac4dab867332cb299a-1-1066x1536.jpg 1066w, https:\/\/checkgroup.vn\/wp-content\/uploads\/2026\/04\/z7707266330626_f473153434be55ac4dab867332cb299a-1-1422x2048.jpg 1422w, https:\/\/checkgroup.vn\/wp-content\/uploads\/2026\/04\/z7707266330626_f473153434be55ac4dab867332cb299a-1-1140x1642.jpg 1140w, https:\/\/checkgroup.vn\/wp-content\/uploads\/2026\/04\/z7707266330626_f473153434be55ac4dab867332cb299a-1.jpg 1754w\" sizes=\"auto, (max-width: 711px) 100vw, 711px\" \/><\/figure>\n<\/div>\n\n\n\n<div class=\"wp-block-column is-layout-flow wp-block-column-is-layout-flow\">\n<p><strong>K\u1ebeT N\u1ed0I NGAY V\u1edaI CH\u00daNG T\u00d4I<\/strong><br>\u0110\u1ed9i ng\u0169 CheckGroup lu\u00f4n s\u1eb5n s\u00e0ng t\u01b0 v\u1ea5n v\u00e0 \u0111\u1ed3ng h\u00e0nh c\u00f9ng b\u1ea1n:<br>\ud83d\udcde Hotline h\u1ee3p t\u00e1c:<br>VN : 0944 718 444<br>M\u1ef9 : 7143195851<br>\u00dac : 0478737475<br>\ud83d\udce7 Email: info@checkgroup.vn<br>\ud83d\udcac Zalo OA: <a href=\"https:\/\/oa.zalo.me\/manage\/dashboard\">Checkgo<\/a><br>\ud83d\udcd8 Facebook: <a href=\"https:\/\/www.facebook.com\/CheckgroupVN\">CheckGroup<\/a><br>\ud83c\udfe2 V\u0103n ph\u00f2ng:<br>\ud83c\udde6\ud83c\uddfa \u00dac:<br>626 Glen Huntly, Caufield, VIC 3162, Australia<br>\ud83c\uddfb\ud83c\uddf3 Vi\u1ec7t Nam:<br>895 T\u1ea1 Quang B\u1eedu, P. B\u00ecnh \u0110\u00f4ng, TP.HCM<br>\ud83c\uddfa\ud83c\uddf8 M\u1ef9:<br>5127 W Edinger Ave, D ,Santa Ana CA 92704|<br>\ud83c\uddea\ud83c\uddfa\u00c2u: <br>238 Rue de Charenton ,75012 ,Paris<\/p>\n<\/div>\n<\/div>\n\n\n\n<p><\/p>\n","protected":false},"excerpt":{"rendered":"<p>C\u01a1 h\u1ed9i ph\u00e1t tri\u1ec3n \u2013 \u0110\u1ed3ng h\u00e0nh b\u1ec1n v\u1eefng \u2013 Gia t\u0103ng thu nh\u1eadp CheckGroup lu\u00f4n ch\u00e0o \u0111\u00f3n c\u00e1c c\u00e1 nh\u00e2n, doanh nghi\u1ec7p v\u00e0 \u0111\u1ed1i t\u00e1c trong &amp; ngo\u00e0i n\u01b0\u1edbc c\u00f9ng tham gia v\u00e0o h\u1ec7 sinh th\u00e1i du l\u1ecbch &amp; h\u00e0ng kh\u00f4ng to\u00e0n di\u1ec7n. D\u00f9 b\u1ea1n \u0111ang: CheckGroup \u0111\u1ec1u c\u00f3 gi\u1ea3i ph\u00e1p ph\u00f9 h\u1ee3p d\u00e0nh [&hellip;]<\/p>\n","protected":false},"author":1,"featured_media":0,"parent":0,"menu_order":0,"comment_status":"closed","ping_status":"closed","template":"","meta":{"footnotes":""},"class_list":["post-41","page","type-page","status-publish","hentry"],"_links":{"self":[{"href":"https:\/\/checkgroup.vn\/index.php?rest_route=\/wp\/v2\/pages\/41","targetHints":{"allow":["GET"]}}],"collection":[{"href":"https:\/\/checkgroup.vn\/index.php?rest_route=\/wp\/v2\/pages"}],"about":[{"href":"https:\/\/checkgroup.vn\/index.php?rest_route=\/wp\/v2\/types\/page"}],"author":[{"embeddable":true,"href":"https:\/\/checkgroup.vn\/index.php?rest_route=\/wp\/v2\/users\/1"}],"replies":[{"embeddable":true,"href":"https:\/\/checkgroup.vn\/index.php?rest_route=%2Fwp%2Fv2%2Fcomments&post=41"}],"version-history":[{"count":11,"href":"https:\/\/checkgroup.vn\/index.php?rest_route=\/wp\/v2\/pages\/41\/revisions"}],"predecessor-version":[{"id":201,"href":"https:\/\/checkgroup.vn\/index.php?rest_route=\/wp\/v2\/pages\/41\/revisions\/201"}],"wp:attachment":[{"href":"https:\/\/checkgroup.vn\/index.php?rest_route=%2Fwp%2Fv2%2Fmedia&parent=41"}],"curies":[{"name":"wp","href":"https:\/\/api.w.org\/{rel}","templated":true}]}}